{"id":1451,"date":"2019-03-05T19:51:06","date_gmt":"2019-03-05T18:51:06","guid":{"rendered":"http:\/\/www.angeln-in-eisenach.de\/?page_id=1451"},"modified":"2023-03-30T08:56:50","modified_gmt":"2023-03-30T07:56:50","slug":"gastkartenverkauf","status":"publish","type":"page","link":"https:\/\/www.angeln-in-eisenach.de\/?page_id=1451","title":{"rendered":"Gastkarten online"},"content":{"rendered":"\n<p class=\"has-text-align-center\"><strong>Wir bieten euch die M\u00f6glichkeit unkompliziert Tageskarten f\u00fcr unsere Gew\u00e4sser zu bestellen, per Paypal zu bezahlen und per E-Mail als PDF-Dokument zu erhalten. <\/strong><\/p>\n\n\n\n<p class=\"has-text-align-center\" style=\"font-size:21px\"><strong><span style=\"color:#db1e14\" class=\"has-inline-color\">Die Tageskarten gelten nur f\u00fcr den Kalendertag und sollten mindestens 24h im Voraus bestellt werden! <\/span><\/strong><\/p>\n\n\n\n<p class=\"has-text-align-center\" style=\"font-size:21px\"><strong><mark style=\"background-color:rgba(0, 0, 0, 0);color:#db1e14\" class=\"has-inline-color\">Au\u00dferdem akzeptieren wir keine sog. Touristen- \/ Vierteljahresscheine!<\/mark><\/strong> <\/p>\n\n\n\n<p class=\"has-text-align-center\"><strong>F\u00fcr Gastkartenangler gelten abweichende Bestimmungen an der H\u00f6rsel<\/strong><\/p>\n\n\n\n<p class=\"has-text-align-center\">(Entnahmefenster Bachforelle 30-40cm, \u00c4sche 35-40cm)<\/p>\n\n\n\n<p class=\"has-text-align-center\">(Fangmenge maximal ein Salmonid pro Tag)<\/p>\n\n\n\n<p><\/p>\n\n\n\n<p><strong>Preise Tageskarten:<\/strong><\/p>\n\n\n\n<figure class=\"wp-block-table\"><table><tbody><tr><td>Teiche Brauertal und Sonnabendwinkel<\/td><td>15\u20ac pro Kalendertag<\/td><\/tr><tr><td>Werra bei Buchenau<\/td><td>15\u20ac pro Kalendertag<\/td><\/tr><tr><td>H\u00f6rsel in Eisenach (nur in Begleitung eines Vereinsmitgliedes)<\/td><td>20\u20ac pro Kalendertag<\/td><\/tr><\/tbody><\/table><\/figure>\n\n\n\n<p>Zum bestellen der Gastkarte klickt ihr auf folgenden Button und sendet eine E-Mail an <a href=\"mailto:gastkarte@angeln-in-eisenach.de\">gastkarte@angeln-in-eisenach.de<\/a> mit folgenden Angaben &#8211; <span style=\"color:#e23f29\" class=\"has-inline-color\"><strong>ohne die folgenden Angaben k\u00f6nnen wir keine Gastkarte ausstellen<\/strong>:<\/span><\/p>\n\n\n\n<ul>\n<li>Vor- und Nachname<\/li>\n\n\n\n<li><strong>Fischereischein Kopie \/ Scan \/ Foto<\/strong> &#8211; <strong><span class=\"has-inline-color has-tertiary-color\">Keine Touristenscheine \/ Vierteljahresscheine<\/span><\/strong><\/li>\n\n\n\n<li>Stra\u00dfe und Hausnummer<\/li>\n\n\n\n<li>Wohnort und Postleitzahl<\/li>\n\n\n\n<li><strong>Datum und Gew\u00e4sser f\u00fcr die Gastkarte<\/strong><\/li>\n\n\n\n<li>Bei der H\u00f6rsel bitte das Vereinsmitglied, welches den Gastangler begleitet<\/li>\n<\/ul>\n\n\n\n<div class=\"wp-block-button is-style-fill\"><a class=\"wp-block-button__link has-white-color has-black-background-color has-text-color has-background wp-element-button\" href=\"mailto:gastkarte@angeln-in-eisenach.de\" style=\"border-radius:50px\" target=\"_blank\" rel=\"noreferrer noopener\"><strong>Hier klicken zum bestellen der Gastkarte<\/strong><br><\/a><\/div>\n\n\n\n<p class=\"has-text-align-center has-medium-font-size\"><strong><span style=\"color:#e1391f\" class=\"has-inline-color\">Zus\u00e4tzlich zur E-Mail sendet ihr den Betrag f\u00fcr die jeweilige Tageskarte per Paypal an gastkarte@angeln-in-eisenach.de:<\/span><\/strong><\/p>\n\n\n\n<div class=\"wp-block-button is-style-fill\"><a class=\"wp-block-button__link has-white-color has-black-background-color has-text-color has-background wp-element-button\" href=\"https:\/\/paypal.me\/gastkarteeisenach?locale.x=de_DE\" style=\"border-radius:50px\" target=\"_blank\" rel=\"noreferrer noopener\"><strong>Hier klicken zum bezahlen der Gastkarte<\/strong><br><\/a><\/div>\n\n\n\n<h4 class=\"has-text-align-center wp-block-heading\"><em><span class=\"has-inline-color has-primary-color\">Die Gastkarte ist nur am jeweiligen Tag g\u00fcltig und muss in Papierform oder digitaler Form mitgef\u00fchrt werden! <strong>Sollte nach 24h keine Gastkarte bei ihnen ankommen, bitte dringend melden! Wir bearbeiten nur wenn wir die E-Mail UND den Zahlungseingang haben!<\/strong><\/span><\/em><\/h4>\n","protected":false},"excerpt":{"rendered":"<p>Wir bieten euch die M\u00f6glichkeit unkompliziert Tageskarten f\u00fcr unsere Gew\u00e4sser zu bestellen, per Paypal zu bezahlen und per E-Mail als PDF-Dokument zu erhalten. Die Tageskarten gelten nur f\u00fcr den Kalendertag und sollten mindestens 24h im Voraus bestellt werden! Au\u00dferdem akzeptieren &hellip; <a href=\"https:\/\/www.angeln-in-eisenach.de\/?page_id=1451\">Weiterlesen <span class=\"meta-nav\">&rarr;<\/span><\/a><\/p>\n","protected":false},"author":1,"featured_media":0,"parent":0,"menu_order":0,"comment_status":"closed","ping_status":"closed","template":"","meta":{"footnotes":""},"_links":{"self":[{"href":"https:\/\/www.angeln-in-eisenach.de\/index.php?rest_route=\/wp\/v2\/pages\/1451"}],"collection":[{"href":"https:\/\/www.angeln-in-eisenach.de\/index.php?rest_route=\/wp\/v2\/pages"}],"about":[{"href":"https:\/\/www.angeln-in-eisenach.de\/index.php?rest_route=\/wp\/v2\/types\/page"}],"author":[{"embeddable":true,"href":"https:\/\/www.angeln-in-eisenach.de\/index.php?rest_route=\/wp\/v2\/users\/1"}],"replies":[{"embeddable":true,"href":"https:\/\/www.angeln-in-eisenach.de\/index.php?rest_route=%2Fwp%2Fv2%2Fcomments&post=1451"}],"version-history":[{"count":29,"href":"https:\/\/www.angeln-in-eisenach.de\/index.php?rest_route=\/wp\/v2\/pages\/1451\/revisions"}],"predecessor-version":[{"id":1839,"href":"https:\/\/www.angeln-in-eisenach.de\/index.php?rest_route=\/wp\/v2\/pages\/1451\/revisions\/1839"}],"wp:attachment":[{"href":"https:\/\/www.angeln-in-eisenach.de\/index.php?rest_route=%2Fwp%2Fv2%2Fmedia&parent=1451"}],"curies":[{"name":"wp","href":"https:\/\/api.w.org\/{rel}","templated":true}]}}