{"id":2,"date":"2011-01-17T18:32:47","date_gmt":"2011-01-17T17:32:47","guid":{"rendered":"http:\/\/www.razerguy.com\/?page_id=2"},"modified":"2026-01-26T11:02:17","modified_gmt":"2026-01-26T10:02:17","slug":"eine-seite","status":"publish","type":"page","link":"https:\/\/www.angeln-in-eisenach.de\/?page_id=2","title":{"rendered":"Unser Verein"},"content":{"rendered":"<p>Der ASV &#8211; Brauertal e.V. wurde 1964 mit 70 Mitgliedern als \u201cBetriebsgruppe des Automobilewerkes\u201d Eisenach gegr\u00fcndet und war im DAV organisiert. Die Neugr\u00fcndung des Vereins erfolgte am 10.02.1991, mit der gleichzeitgen Umbenennung in \u201cBrauertal e.V.\u201d und einer Mitgliedschaft im VdSF.<\/p>\n<p>Zur Zeit besteht der Verein aus 60 Mitgliedern.<\/p>\n<p>Wir sind Mitglied im LAVT (Landesanglerverband Th\u00fcringen)<\/p>\n<p>An der Werra gegen\u00fcber dem Ort Buchenau, direkt am Angelgew\u00e4sser, liegt unser Anglerheim, welches seit 1999 Eigentum unseres Vereins ist. Ein Clubraum, eine K\u00fcche, Dusche und Toilette stehen unseren Mitgliedern zur Verf\u00fcgung.<\/p>\n<p>Ziel des Vereins ist es, die Natur und Umwelt zu sch\u00fctzen, die Fischpflege zu betreiben und die Fischwaid artgerecht auszu\u00fcben. Wir versuchen immer am Puls der Zeit zu bleiben und unsere Hegema\u00dfnahmen und Bewirtschaftung dem aktuellen Stand der Forschungen anzupassen.<\/p>\n","protected":false},"excerpt":{"rendered":"<p>Der ASV &#8211; Brauertal e.V. wurde 1964 mit 70 Mitgliedern als \u201cBetriebsgruppe des Automobilewerkes\u201d Eisenach gegr\u00fcndet und war im DAV organisiert. Die Neugr\u00fcndung des Vereins erfolgte am 10.02.1991, mit der gleichzeitgen Umbenennung in \u201cBrauertal e.V.\u201d und einer Mitgliedschaft im VdSF. &hellip; <a href=\"https:\/\/www.angeln-in-eisenach.de\/?page_id=2\">Weiterlesen <span class=\"meta-nav\">&rarr;<\/span><\/a><\/p>\n","protected":false},"author":1,"featured_media":0,"parent":0,"menu_order":1,"comment_status":"closed","ping_status":"open","template":"","meta":{"footnotes":""},"_links":{"self":[{"href":"https:\/\/www.angeln-in-eisenach.de\/index.php?rest_route=\/wp\/v2\/pages\/2"}],"collection":[{"href":"https:\/\/www.angeln-in-eisenach.de\/index.php?rest_route=\/wp\/v2\/pages"}],"about":[{"href":"https:\/\/www.angeln-in-eisenach.de\/index.php?rest_route=\/wp\/v2\/types\/page"}],"author":[{"embeddable":true,"href":"https:\/\/www.angeln-in-eisenach.de\/index.php?rest_route=\/wp\/v2\/users\/1"}],"replies":[{"embeddable":true,"href":"https:\/\/www.angeln-in-eisenach.de\/index.php?rest_route=%2Fwp%2Fv2%2Fcomments&post=2"}],"version-history":[{"count":18,"href":"https:\/\/www.angeln-in-eisenach.de\/index.php?rest_route=\/wp\/v2\/pages\/2\/revisions"}],"predecessor-version":[{"id":1985,"href":"https:\/\/www.angeln-in-eisenach.de\/index.php?rest_route=\/wp\/v2\/pages\/2\/revisions\/1985"}],"wp:attachment":[{"href":"https:\/\/www.angeln-in-eisenach.de\/index.php?rest_route=%2Fwp%2Fv2%2Fmedia&parent=2"}],"curies":[{"name":"wp","href":"https:\/\/api.w.org\/{rel}","templated":true}]}}